{"id":250,"date":"2022-09-22T11:57:29","date_gmt":"2022-09-22T14:57:29","guid":{"rendered":"https:\/\/testeando.com.ar\/blogintegralis\/?page_id=250"},"modified":"2022-11-29T10:54:27","modified_gmt":"2022-11-29T13:54:27","slug":"inicio-2","status":"publish","type":"page","link":"https:\/\/testeando.com.ar\/blogintegralis\/","title":{"rendered":"Inicio"},"content":{"rendered":"<p>[et_pb_section fb_built=\u00bb1&#8243; fullwidth=\u00bbon\u00bb _builder_version=\u00bb4.14.7&#8243; _module_preset=\u00bbdefault\u00bb global_colors_info=\u00bb{}\u00bb][et_pb_fullwidth_image src=\u00bbhttps:\/\/testeando.com.ar\/blogintegralis\/wp-content\/uploads\/2022\/11\/Plantilla_HeaderEntradas_BLOG_INTG_v2-9.png\u00bb title_text=\u00bbPlantilla_HeaderEntradas_BLOG_INTG_v2 (9)\u00bb _builder_version=\u00bb4.14.7&#8243; _module_preset=\u00bbdefault\u00bb global_colors_info=\u00bb{}\u00bb][\/et_pb_fullwidth_image][\/et_pb_section][et_pb_section fb_built=\u00bb1&#8243; _builder_version=\u00bb4.14.7&#8243; _module_preset=\u00bbdefault\u00bb custom_margin=\u00bb|0px|0px|0px|false|false\u00bb custom_padding=\u00bb0px|0px|0px|0px|false|false\u00bb global_colors_info=\u00bb{}\u00bb][et_pb_row _builder_version=\u00bb4.14.7&#8243; _module_preset=\u00bbdefault\u00bb global_colors_info=\u00bb{}\u00bb][et_pb_column type=\u00bb4_4&#8243; _builder_version=\u00bb4.14.7&#8243; _module_preset=\u00bbdefault\u00bb global_colors_info=\u00bb{}\u00bb][et_pb_text disabled_on=\u00bbon|on|off\u00bb _builder_version=\u00bb4.14.7&#8243; _module_preset=\u00bbdefault\u00bb text_text_color=\u00bbgcid-28b48bec-3b5d-428e-953a-8d06801aa76e\u00bb text_font_size=\u00bb18px\u00bb text_line_height=\u00bb1.8em\u00bb custom_margin=\u00bb|100px||100px|false|false\u00bb custom_padding=\u00bb20px||||false|false\u00bb global_colors_info=\u00bb{%22gcid-28b48bec-3b5d-428e-953a-8d06801aa76e%22:%91%22text_text_color%22%93}\u00bb]<\/p>\n<p style=\"text-align: justify;\">Nuestro objetivo, desde los primeros comienzos, siempre ha sido acompa\u00f1ar y potenciar la<span>\u00a0<\/span><span style=\"color: #0c71c3;\"><strong>transformaci\u00f3n educativa<\/strong><\/span><span>\u00a0<\/span>desde una formaci\u00f3n docente orientada al desarrollo integral de la persona.<\/p>\n<p style=\"text-align: justify;\">Los recursos pedag\u00f3gicos y reflexivos que encontrar\u00e1s en esta web buscan invitarte a reflexionar sobre tu propia pr\u00e1ctica docente, impulsarte a sacar tu mejor versi\u00f3n en las aulas y otorgarte herramientas espec\u00edficas para abordar ciertas tem\u00e1ticas. Pero sobre todo, estos materiales buscan insipirarte de tal manera que <span style=\"color: #0c71c3;\"><strong>renueves tu compromiso y amor por la docencia.<\/strong><\/span><\/p>\n<p style=\"text-align: justify;\">Compartimos una misma\u00a0<strong><span style=\"color: #0c71c3;\">pasi\u00f3n por aprender<\/span>.<\/strong> \u00a1Y estamos para acompa\u00f1arte!<strong><\/strong><\/p>\n<p>[\/et_pb_text][et_pb_text disabled_on=\u00bboff|on|on\u00bb _builder_version=\u00bb4.14.7&#8243; _module_preset=\u00bbdefault\u00bb text_text_color=\u00bbgcid-28b48bec-3b5d-428e-953a-8d06801aa76e\u00bb text_font_size=\u00bb18px\u00bb text_line_height=\u00bb1.8em\u00bb custom_margin=\u00bb|26px||29px|false|false\u00bb custom_padding=\u00bb20px|0px|||false|false\u00bb global_colors_info=\u00bb{%22gcid-28b48bec-3b5d-428e-953a-8d06801aa76e%22:%91%22text_text_color%22%93}\u00bb]<\/p>\n<p style=\"text-align: justify;\">Nuestro objetivo, desde los primeros comienzos, siempre ha sido acompa\u00f1ar y potenciar la<span>\u00a0<\/span><span style=\"color: #0c71c3;\"><strong>transformaci\u00f3n educativa<\/strong><\/span><span>\u00a0<\/span>desde una formaci\u00f3n docente orientada al desarrollo integral de la persona.<\/p>\n<p style=\"text-align: justify;\">Los recursos pedag\u00f3gicos y reflexivos que encontrar\u00e1s en esta web buscan invitarte a reflexionar sobre tu propia pr\u00e1ctica docente, impulsarte a sacar tu mejor versi\u00f3n en las aulas y otorgarte herramientas espec\u00edficas para abordar ciertas tem\u00e1ticas. Pero sobre todo, estos materiales buscan insipirarte de tal manera que <span style=\"color: #0c71c3;\"><strong>renueves tu compromiso y amor por la docencia.<\/strong><\/span><\/p>\n<p style=\"text-align: justify;\">Compartimos una misma\u00a0<strong><span style=\"color: #0c71c3;\">pasi\u00f3n por aprender<\/span>.<\/strong> \u00a1Y estamos para acompa\u00f1arte!<strong><\/strong><\/p>\n<p>[\/et_pb_text][\/et_pb_column][\/et_pb_row][et_pb_row _builder_version=\u00bb4.14.7&#8243; _module_preset=\u00bbdefault\u00bb custom_padding=\u00bb91px||0px|||\u00bb global_colors_info=\u00bb{}\u00bb][et_pb_column type=\u00bb4_4&#8243; _builder_version=\u00bb4.14.7&#8243; _module_preset=\u00bbdefault\u00bb global_colors_info=\u00bb{}\u00bb][et_pb_text _builder_version=\u00bb4.14.7&#8243; _module_preset=\u00bbdefault\u00bb text_font=\u00bb|||on|||||\u00bb text_text_color=\u00bb#FFFFFF\u00bb text_font_size=\u00bb25px\u00bb background_color=\u00bbgcid-63052e52-bb81-4047-b885-500f6ff17f33&#8243; custom_margin=\u00bb-48px|||||\u00bb global_colors_info=\u00bb{%22gcid-63052e52-bb81-4047-b885-500f6ff17f33%22:%91%22background_color%22%93}\u00bb]<\/p>\n<p style=\"text-align: center;\"><strong><\/strong><\/p>\n<p style=\"text-align: center;\"><strong>\u00c1REAS DE FORMACI\u00d3N<\/strong><\/p>\n<p style=\"text-align: center;\"><strong><\/strong><\/p>\n<p>[\/et_pb_text][\/et_pb_column][\/et_pb_row][et_pb_row column_structure=\u00bb1_5,1_5,1_5,1_5,1_5&#8243; use_custom_gutter=\u00bbon\u00bb make_equal=\u00bbon\u00bb disabled_on=\u00bbon|on|off\u00bb _builder_version=\u00bb4.14.7&#8243; _module_preset=\u00bbdefault\u00bb width=\u00bb96%\u00bb max_width=\u00bb1366px\u00bb custom_margin=\u00bb||||false|false\u00bb hover_enabled=\u00bb0&#8243; global_colors_info=\u00bb{}\u00bb animation_style=\u00bbflip\u00bb sticky_enabled=\u00bb0&#8243;][et_pb_column type=\u00bb1_5&#8243; _builder_version=\u00bb4.14.7&#8243; _module_preset=\u00bbdefault\u00bb global_colors_info=\u00bb{}\u00bb][et_pb_image src=\u00bbhttps:\/\/testeando.com.ar\/blogintegralis\/wp-content\/uploads\/2022\/10\/Iconos_HIGdestacadas_educsex_INTG_introduccion.png\u00bb title_text=\u00bbIconos_HIGdestacadas_educsex_INTG_introduccion\u00bb url=\u00bbhttps:\/\/testeando.com.ar\/blogintegralis\/category\/innovacion-en-el-aula\/\u00bb _builder_version=\u00bb4.14.7&#8243; _module_preset=\u00bbdefault\u00bb global_colors_info=\u00bb{}\u00bb][\/et_pb_image][et_pb_text _builder_version=\u00bb4.14.7&#8243; _module_preset=\u00bbdefault\u00bb text_font=\u00bb|||on|||||\u00bb text_text_color=\u00bb#268998&#8243; text_font_size=\u00bb20px\u00bb text_line_height=\u00bb1.4em\u00bb link_option_url=\u00bbhttps:\/\/testeando.com.ar\/blogintegralis\/category\/innovacion-en-el-aula\/\u00bb global_colors_info=\u00bb{}\u00bb]<\/p>\n<p style=\"text-align: center;\"><strong>educaci\u00f3n sexual<\/strong><\/p>\n<p>[\/et_pb_text][\/et_pb_column][et_pb_column type=\u00bb1_5&#8243; _builder_version=\u00bb4.14.7&#8243; _module_preset=\u00bbdefault\u00bb global_colors_info=\u00bb{}\u00bb][et_pb_image src=\u00bbhttps:\/\/testeando.com.ar\/blogintegralis\/wp-content\/uploads\/2022\/10\/Iconos_HIGdestacadas_innovacionaula_INTG_educarcap.png\u00bb title_text=\u00bbIconos_HIGdestacadas_innovacionaula_INTG_educarcap\u00bb url=\u00bbhttps:\/\/testeando.com.ar\/blogintegralis\/category\/educacion-sexual\/\u00bb _builder_version=\u00bb4.14.7&#8243; _module_preset=\u00bbdefault\u00bb global_colors_info=\u00bb{}\u00bb][\/et_pb_image][et_pb_text _builder_version=\u00bb4.14.7&#8243; _module_preset=\u00bbdefault\u00bb text_font=\u00bb|||on|||||\u00bb text_text_color=\u00bb#ec7b0b\u00bb text_font_size=\u00bb20px\u00bb text_line_height=\u00bb1.4em\u00bb link_option_url=\u00bbhttps:\/\/testeando.com.ar\/blogintegralis\/category\/educacion-sexual\/\u00bb global_colors_info=\u00bb{}\u00bb]<\/p>\n<p style=\"text-align: center;\"><strong>innovaci\u00f3n en el aula<\/strong><\/p>\n<p>[\/et_pb_text][\/et_pb_column][et_pb_column type=\u00bb1_5&#8243; _builder_version=\u00bb4.14.7&#8243; _module_preset=\u00bbdefault\u00bb global_colors_info=\u00bb{}\u00bb][et_pb_image src=\u00bbhttps:\/\/testeando.com.ar\/blogintegralis\/wp-content\/uploads\/2022\/10\/Iconos_HIGdestacadas_gestionescuelas_INTG_transfeduc.png\u00bb title_text=\u00bbIconos_HIGdestacadas_gestionescuelas_INTG_transfeduc\u00bb url=\u00bbhttps:\/\/testeando.com.ar\/blogintegralis\/category\/gestion-de-escuelas\/\u00bb _builder_version=\u00bb4.14.7&#8243; _module_preset=\u00bbdefault\u00bb global_colors_info=\u00bb{}\u00bb][\/et_pb_image][et_pb_text _builder_version=\u00bb4.14.7&#8243; _module_preset=\u00bbdefault\u00bb text_font=\u00bb|||on|||||\u00bb text_text_color=\u00bb#00b1eb\u00bb text_font_size=\u00bb20px\u00bb text_line_height=\u00bb1.4em\u00bb link_option_url=\u00bbhttps:\/\/testeando.com.ar\/blogintegralis\/category\/gestion-de-escuelas\/\u00bb global_colors_info=\u00bb{}\u00bb]<\/p>\n<p style=\"text-align: center;\"><strong>gesti\u00f3n de escuelas<\/strong><\/p>\n<p>[\/et_pb_text][\/et_pb_column][et_pb_column type=\u00bb1_5&#8243; _builder_version=\u00bb4.14.7&#8243; _module_preset=\u00bbdefault\u00bb global_colors_info=\u00bb{}\u00bb][et_pb_image src=\u00bbhttps:\/\/testeando.com.ar\/blogintegralis\/wp-content\/uploads\/2022\/10\/Iconos_HIGdestacadas_formaciontrascendencia_INTG_teologia.png\u00bb title_text=\u00bbIconos_HIGdestacadas_formaciontrascendencia_INTG_teologia\u00bb url=\u00bbhttps:\/\/testeando.com.ar\/blogintegralis\/category\/formacion-en-trascendencia\/\u00bb _builder_version=\u00bb4.14.7&#8243; _module_preset=\u00bbdefault\u00bb global_colors_info=\u00bb{}\u00bb][\/et_pb_image][et_pb_text admin_label=\u00bbText\u00bb _builder_version=\u00bb4.14.7&#8243; _module_preset=\u00bbdefault\u00bb text_font=\u00bb|||on|||||\u00bb text_text_color=\u00bb#f6b51d\u00bb text_font_size=\u00bb20px\u00bb text_line_height=\u00bb1.4em\u00bb link_option_url=\u00bbhttps:\/\/testeando.com.ar\/blogintegralis\/category\/formacion-en-trascendencia\/\u00bb global_colors_info=\u00bb{}\u00bb]<\/p>\n<p style=\"text-align: center;\"><strong>formaci\u00f3n en trascendencia<\/strong><\/p>\n<p>[\/et_pb_text][\/et_pb_column][et_pb_column type=\u00bb1_5&#8243; _builder_version=\u00bb4.14.7&#8243; _module_preset=\u00bbdefault\u00bb global_colors_info=\u00bb{}\u00bb][et_pb_image src=\u00bbhttps:\/\/testeando.com.ar\/blogintegralis\/wp-content\/uploads\/2022\/10\/Iconos_HIGdestacadas_ciudadaniadig_INTG_ciudadaniadig.png\u00bb title_text=\u00bbIconos_HIGdestacadas_ciudadaniadig_INTG_ciudadaniadig\u00bb url=\u00bbhttps:\/\/testeando.com.ar\/blogintegralis\/category\/competencias-digitales\/\u00bb _builder_version=\u00bb4.14.7&#8243; _module_preset=\u00bbdefault\u00bb global_colors_info=\u00bb{}\u00bb][\/et_pb_image][et_pb_text _builder_version=\u00bb4.14.7&#8243; _module_preset=\u00bbdefault\u00bb text_font=\u00bb|||on|||||\u00bb text_text_color=\u00bb#002f7d\u00bb text_font_size=\u00bb20px\u00bb text_line_height=\u00bb1.4em\u00bb link_option_url=\u00bbhttps:\/\/testeando.com.ar\/blogintegralis\/category\/competencias-digitales\/\u00bb global_colors_info=\u00bb{}\u00bb]<\/p>\n<p style=\"text-align: center;\"><strong>competencias digitales<\/strong><\/p>\n<p>[\/et_pb_text][\/et_pb_column][\/et_pb_row][et_pb_row column_structure=\u00bb1_5,1_5,1_5,1_5,1_5&#8243; use_custom_gutter=\u00bbon\u00bb make_equal=\u00bbon\u00bb disabled_on=\u00bboff|on|on\u00bb _builder_version=\u00bb4.14.7&#8243; _module_preset=\u00bbdefault\u00bb width=\u00bb96%\u00bb max_width=\u00bb1366px\u00bb custom_margin=\u00bb||||false|false\u00bb custom_padding=\u00bb|0px||||\u00bb hover_enabled=\u00bb0&#8243; global_colors_info=\u00bb{}\u00bb animation_style=\u00bbflip\u00bb sticky_enabled=\u00bb0&#8243;][et_pb_column type=\u00bb1_5&#8243; _builder_version=\u00bb4.14.7&#8243; _module_preset=\u00bbdefault\u00bb global_colors_info=\u00bb{}\u00bb][et_pb_image src=\u00bbhttps:\/\/testeando.com.ar\/blogintegralis\/wp-content\/uploads\/2022\/10\/Iconos_HIGdestacadas_educsex_INTG_introduccion.png\u00bb title_text=\u00bbIconos_HIGdestacadas_educsex_INTG_introduccion\u00bb align=\u00bbcenter\u00bb _builder_version=\u00bb4.14.7&#8243; _module_preset=\u00bbdefault\u00bb max_width=\u00bb34%\u00bb global_colors_info=\u00bb{}\u00bb][\/et_pb_image][et_pb_text _builder_version=\u00bb4.14.7&#8243; _module_preset=\u00bbdefault\u00bb text_font=\u00bb|||on|||||\u00bb text_text_color=\u00bb#268998&#8243; text_font_size=\u00bb18px\u00bb text_line_height=\u00bb1.4em\u00bb custom_margin=\u00bb-25px|||||\u00bb global_colors_info=\u00bb{}\u00bb]<\/p>\n<p style=\"text-align: center;\"><strong>educaci\u00f3n sexual<\/strong><\/p>\n<p>[\/et_pb_text][\/et_pb_column][et_pb_column type=\u00bb1_5&#8243; _builder_version=\u00bb4.14.7&#8243; _module_preset=\u00bbdefault\u00bb global_colors_info=\u00bb{}\u00bb][et_pb_image src=\u00bbhttps:\/\/testeando.com.ar\/blogintegralis\/wp-content\/uploads\/2022\/10\/Iconos_HIGdestacadas_innovacionaula_INTG_educarcap.png\u00bb title_text=\u00bbIconos_HIGdestacadas_innovacionaula_INTG_educarcap\u00bb url=\u00bbhttps:\/\/testeando.com.ar\/blogintegralis\/category\/educacion-sexual\/\u00bb align=\u00bbcenter\u00bb _builder_version=\u00bb4.14.7&#8243; _module_preset=\u00bbdefault\u00bb max_width=\u00bb34%\u00bb custom_margin=\u00bb||13px|||\u00bb global_colors_info=\u00bb{}\u00bb][\/et_pb_image][et_pb_text _builder_version=\u00bb4.14.7&#8243; _module_preset=\u00bbdefault\u00bb text_font=\u00bb|||on|||||\u00bb text_text_color=\u00bb#ec7b0b\u00bb text_font_size=\u00bb18px\u00bb text_line_height=\u00bb1.4em\u00bb custom_padding=\u00bb0px|||||\u00bb link_option_url=\u00bbhttps:\/\/testeando.com.ar\/blogintegralis\/category\/educacion-sexual\/\u00bb global_colors_info=\u00bb{}\u00bb]<\/p>\n<p style=\"text-align: center;\"><strong>innovaci\u00f3n en<br \/>el aula<\/strong><\/p>\n<p>[\/et_pb_text][\/et_pb_column][et_pb_column type=\u00bb1_5&#8243; _builder_version=\u00bb4.14.7&#8243; _module_preset=\u00bbdefault\u00bb global_colors_info=\u00bb{}\u00bb][et_pb_image src=\u00bbhttps:\/\/testeando.com.ar\/blogintegralis\/wp-content\/uploads\/2022\/10\/Iconos_HIGdestacadas_gestionescuelas_INTG_transfeduc.png\u00bb title_text=\u00bbIconos_HIGdestacadas_gestionescuelas_INTG_transfeduc\u00bb url=\u00bbhttps:\/\/testeando.com.ar\/blogintegralis\/category\/gestion-de-escuelas\/\u00bb align=\u00bbcenter\u00bb _builder_version=\u00bb4.14.7&#8243; _module_preset=\u00bbdefault\u00bb max_width=\u00bb34%\u00bb custom_margin=\u00bb||13px|||\u00bb global_colors_info=\u00bb{}\u00bb][\/et_pb_image][et_pb_text _builder_version=\u00bb4.14.7&#8243; _module_preset=\u00bbdefault\u00bb text_font=\u00bb|||on|||||\u00bb text_text_color=\u00bb#00b1eb\u00bb text_font_size=\u00bb18px\u00bb text_line_height=\u00bb1.4em\u00bb custom_margin=\u00bb-13px|||||\u00bb custom_padding=\u00bb||0px|||\u00bb link_option_url=\u00bbhttps:\/\/testeando.com.ar\/blogintegralis\/category\/gestion-de-escuelas\/\u00bb global_colors_info=\u00bb{}\u00bb]<\/p>\n<p style=\"text-align: center;\"><strong>gesti\u00f3n de escuelas<\/strong><\/p>\n<p>[\/et_pb_text][\/et_pb_column][et_pb_column type=\u00bb1_5&#8243; _builder_version=\u00bb4.14.7&#8243; _module_preset=\u00bbdefault\u00bb global_colors_info=\u00bb{}\u00bb][et_pb_image src=\u00bbhttps:\/\/testeando.com.ar\/blogintegralis\/wp-content\/uploads\/2022\/10\/Iconos_HIGdestacadas_formaciontrascendencia_INTG_teologia.png\u00bb title_text=\u00bbIconos_HIGdestacadas_formaciontrascendencia_INTG_teologia\u00bb url=\u00bbhttps:\/\/testeando.com.ar\/blogintegralis\/category\/formacion-en-trascendencia\/\u00bb align=\u00bbcenter\u00bb _builder_version=\u00bb4.14.7&#8243; _module_preset=\u00bbdefault\u00bb max_width=\u00bb34%\u00bb custom_margin=\u00bb||5px|||\u00bb global_colors_info=\u00bb{}\u00bb][\/et_pb_image][et_pb_text admin_label=\u00bbText\u00bb _builder_version=\u00bb4.14.7&#8243; _module_preset=\u00bbdefault\u00bb text_font=\u00bb|||on|||||\u00bb text_text_color=\u00bb#f6b51d\u00bb text_font_size=\u00bb18px\u00bb text_line_height=\u00bb1.4em\u00bb custom_margin=\u00bb-10px|||||\u00bb link_option_url=\u00bbhttps:\/\/testeando.com.ar\/blogintegralis\/category\/formacion-en-trascendencia\/\u00bb global_colors_info=\u00bb{}\u00bb]<\/p>\n<p style=\"text-align: center;\"><strong>formaci\u00f3n en<br \/><\/strong><strong>trascendencia<\/strong><\/p>\n<p>[\/et_pb_text][\/et_pb_column][et_pb_column type=\u00bb1_5&#8243; _builder_version=\u00bb4.14.7&#8243; _module_preset=\u00bbdefault\u00bb global_colors_info=\u00bb{}\u00bb][et_pb_image src=\u00bbhttps:\/\/testeando.com.ar\/blogintegralis\/wp-content\/uploads\/2022\/10\/Iconos_HIGdestacadas_ciudadaniadig_INTG_ciudadaniadig.png\u00bb title_text=\u00bbIconos_HIGdestacadas_ciudadaniadig_INTG_ciudadaniadig\u00bb url=\u00bbhttps:\/\/testeando.com.ar\/blogintegralis\/category\/competencias-digitales\/\u00bb align=\u00bbcenter\u00bb _builder_version=\u00bb4.14.7&#8243; _module_preset=\u00bbdefault\u00bb max_width=\u00bb34%\u00bb global_colors_info=\u00bb{}\u00bb][\/et_pb_image][et_pb_text _builder_version=\u00bb4.14.7&#8243; _module_preset=\u00bbdefault\u00bb text_font=\u00bb|||on|||||\u00bb text_text_color=\u00bb#002f7d\u00bb text_font_size=\u00bb18px\u00bb text_line_height=\u00bb1.4em\u00bb custom_margin=\u00bb-32px|||||\u00bb link_option_url=\u00bbhttps:\/\/testeando.com.ar\/blogintegralis\/category\/competencias-digitales\/\u00bb global_colors_info=\u00bb{}\u00bb]<\/p>\n<p style=\"text-align: center;\"><strong>competencias<br \/>digitales<\/strong><\/p>\n<p>[\/et_pb_text][\/et_pb_column][\/et_pb_row][et_pb_row _builder_version=\u00bb4.14.7&#8243; _module_preset=\u00bbdefault\u00bb custom_padding=\u00bb91px||0px|||\u00bb global_colors_info=\u00bb{}\u00bb][et_pb_column type=\u00bb4_4&#8243; _builder_version=\u00bb4.14.7&#8243; _module_preset=\u00bbdefault\u00bb global_colors_info=\u00bb{}\u00bb][et_pb_text _builder_version=\u00bb4.14.7&#8243; _module_preset=\u00bbdefault\u00bb text_font=\u00bb|||on|||||\u00bb text_text_color=\u00bb#FFFFFF\u00bb text_font_size=\u00bb25px\u00bb background_color=\u00bbgcid-06290be1-9505-4833-81ed-2094e7f122f5&#8243; custom_margin=\u00bb-48px|||||\u00bb global_colors_info=\u00bb{%22gcid-06290be1-9505-4833-81ed-2094e7f122f5%22:%91%22background_color%22%93}\u00bb]<\/p>\n<p style=\"text-align: center;\"><strong><\/strong><\/p>\n<p style=\"text-align: center;\"><strong>\u00daltimas entradas<\/strong><\/p>\n<p style=\"text-align: center;\"><strong><\/strong><\/p>\n<p>[\/et_pb_text][\/et_pb_column][\/et_pb_row][et_pb_row column_structure=\u00bb1_3,1_3,1_3&#8243; _builder_version=\u00bb4.14.7&#8243; _module_preset=\u00bbdefault\u00bb width=\u00bb88%\u00bb custom_margin=\u00bb0px||||false|false\u00bb custom_padding=\u00bb||||false|false\u00bb global_colors_info=\u00bb{}\u00bb][et_pb_column type=\u00bb1_3&#8243; _builder_version=\u00bb4.14.7&#8243; _module_preset=\u00bbdefault\u00bb global_colors_info=\u00bb{}\u00bb][et_pb_post_slider posts_number=\u00bb1&#8243; include_categories=\u00bball\u00bb show_meta=\u00bboff\u00bb bg_overlay_color=\u00bbgcid-63052e52-bb81-4047-b885-500f6ff17f33&#8243; use_text_overlay=\u00bboff\u00bb _builder_version=\u00bb4.14.7&#8243; _module_preset=\u00bbdefault\u00bb header_font=\u00bb|||on|||||\u00bb header_text_align=\u00bbcenter\u00bb header_text_color=\u00bb#FFFFFF\u00bb header_line_height=\u00bb1.1em\u00bb body_text_color=\u00bb#FFFFFF\u00bb body_font_size=\u00bb20px\u00bb background_color=\u00bb#FFFFFF\u00bb custom_button=\u00bbon\u00bb button_bg_color=\u00bbgcid-06290be1-9505-4833-81ed-2094e7f122f5&#8243; button_font=\u00bb|||on|||||\u00bb animation_style=\u00bbfold\u00bb global_colors_info=\u00bb{%22gcid-63052e52-bb81-4047-b885-500f6ff17f33%22:%91%22bg_overlay_color%22%93,%22gcid-06290be1-9505-4833-81ed-2094e7f122f5%22:%91%22button_bg_color%22%93}\u00bb][\/et_pb_post_slider][\/et_pb_column][et_pb_column type=\u00bb1_3&#8243; _builder_version=\u00bb4.14.7&#8243; _module_preset=\u00bbdefault\u00bb global_colors_info=\u00bb{}\u00bb][et_pb_post_slider posts_number=\u00bb1&#8243; include_categories=\u00bball\u00bb show_meta=\u00bboff\u00bb bg_overlay_color=\u00bbgcid-63052e52-bb81-4047-b885-500f6ff17f33&#8243; use_text_overlay=\u00bboff\u00bb offset_number=\u00bb-1&#8243; _builder_version=\u00bb4.14.7&#8243; _module_preset=\u00bbdefault\u00bb header_font=\u00bb|||on|||||\u00bb header_text_align=\u00bbcenter\u00bb header_text_color=\u00bbgcid-06290be1-9505-4833-81ed-2094e7f122f5&#8243; header_line_height=\u00bb1.1em\u00bb body_text_color=\u00bbgcid-28b48bec-3b5d-428e-953a-8d06801aa76e\u00bb body_font_size=\u00bb18px\u00bb background_color=\u00bb#FFFFFF\u00bb custom_button=\u00bbon\u00bb button_text_color=\u00bb#FFFFFF\u00bb button_bg_color=\u00bbgcid-63052e52-bb81-4047-b885-500f6ff17f33&#8243; button_font=\u00bb|||on|||||\u00bb background_layout=\u00bblight\u00bb animation_style=\u00bbfold\u00bb border_width_all=\u00bb3px\u00bb border_color_all=\u00bbgcid-06290be1-9505-4833-81ed-2094e7f122f5&#8243; global_colors_info=\u00bb{%22gcid-63052e52-bb81-4047-b885-500f6ff17f33%22:%91%22bg_overlay_color%22,%22button_bg_color%22%93,%22gcid-06290be1-9505-4833-81ed-2094e7f122f5%22:%91%22header_text_color%22,%22border_color_all%22%93,%22gcid-28b48bec-3b5d-428e-953a-8d06801aa76e%22:%91%22body_text_color%22%93}\u00bb][\/et_pb_post_slider][\/et_pb_column][et_pb_column type=\u00bb1_3&#8243; _builder_version=\u00bb4.14.7&#8243; _module_preset=\u00bbdefault\u00bb global_colors_info=\u00bb{}\u00bb][et_pb_post_slider posts_number=\u00bb1&#8243; include_categories=\u00bball\u00bb show_meta=\u00bboff\u00bb bg_overlay_color=\u00bbgcid-63052e52-bb81-4047-b885-500f6ff17f33&#8243; use_text_overlay=\u00bboff\u00bb offset_number=\u00bb-2&#8243; admin_label=\u00bbPost Slider\u00bb _builder_version=\u00bb4.14.7&#8243; _module_preset=\u00bbdefault\u00bb header_font=\u00bb|||on|||||\u00bb header_text_align=\u00bbcenter\u00bb header_text_color=\u00bb#FFFFFF\u00bb header_line_height=\u00bb1.1em\u00bb body_font_size=\u00bb18px\u00bb background_color=\u00bb#FFFFFF\u00bb custom_button=\u00bbon\u00bb button_bg_color=\u00bbgcid-06290be1-9505-4833-81ed-2094e7f122f5&#8243; button_font=\u00bb|||on|||||\u00bb custom_padding=\u00bb||31px|||\u00bb animation_style=\u00bbfold\u00bb global_colors_info=\u00bb{%22gcid-63052e52-bb81-4047-b885-500f6ff17f33%22:%91%22bg_overlay_color%22%93,%22gcid-06290be1-9505-4833-81ed-2094e7f122f5%22:%91%22button_bg_color%22%93}\u00bb][\/et_pb_post_slider][\/et_pb_column][\/et_pb_row][\/et_pb_section]<\/p>\n","protected":false},"excerpt":{"rendered":"<p>Nuestro objetivo, desde los primeros comienzos, siempre ha sido acompa\u00f1ar y potenciar la\u00a0transformaci\u00f3n educativa\u00a0desde una formaci\u00f3n docente orientada al desarrollo integral de la persona. Los recursos pedag\u00f3gicos y reflexivos que encontrar\u00e1s en esta web buscan invitarte a reflexionar sobre tu propia pr\u00e1ctica docente, impulsarte a sacar tu mejor versi\u00f3n en las aulas y otorgarte herramientas [&hellip;]<\/p>\n","protected":false},"author":1,"featured_media":0,"parent":0,"menu_order":0,"comment_status":"closed","ping_status":"closed","template":"","meta":{"_et_pb_use_builder":"on","_et_pb_old_content":"","_et_gb_content_width":""},"_links":{"self":[{"href":"https:\/\/testeando.com.ar\/blogintegralis\/wp-json\/wp\/v2\/pages\/250"}],"collection":[{"href":"https:\/\/testeando.com.ar\/blogintegralis\/wp-json\/wp\/v2\/pages"}],"about":[{"href":"https:\/\/testeando.com.ar\/blogintegralis\/wp-json\/wp\/v2\/types\/page"}],"author":[{"embeddable":true,"href":"https:\/\/testeando.com.ar\/blogintegralis\/wp-json\/wp\/v2\/users\/1"}],"replies":[{"embeddable":true,"href":"https:\/\/testeando.com.ar\/blogintegralis\/wp-json\/wp\/v2\/comments?post=250"}],"version-history":[{"count":67,"href":"https:\/\/testeando.com.ar\/blogintegralis\/wp-json\/wp\/v2\/pages\/250\/revisions"}],"predecessor-version":[{"id":1034,"href":"https:\/\/testeando.com.ar\/blogintegralis\/wp-json\/wp\/v2\/pages\/250\/revisions\/1034"}],"wp:attachment":[{"href":"https:\/\/testeando.com.ar\/blogintegralis\/wp-json\/wp\/v2\/media?parent=250"}],"curies":[{"name":"wp","href":"https:\/\/api.w.org\/{rel}","templated":true}]}}